{"id":4402,"date":"2016-01-26T15:19:45","date_gmt":"2016-01-26T20:19:45","guid":{"rendered":"http:\/\/wp-master.eliappdrupal1.elisys-servers.ca\/fr\/?page_id=4402"},"modified":"2018-10-29T12:07:59","modified_gmt":"2018-10-29T16:07:59","slug":"contact","status":"publish","type":"page","link":"https:\/\/www.radiateurlaplaine.com\/fr\/contact\/","title":{"rendered":"Nous joindre"},"content":{"rendered":"<p>Cr\u00e9\u00e9e en 1979 par Claude Lemelin et son neveu Renaud Lemelin, Radiateur La Plaine est une entreprise familiale qui a toujours eu \u00e0 coeur d&rsquo;offrir un service client sur mesure. Notre plus grande r\u00e9compense est la satisfaction de notre client\u00e8le qui nous est fid\u00e8le depuis toutes ces ann\u00e9es.<\/p>\n<div class=\"textMore\">\n<p>Aujourd&rsquo;hui, Andr\u00e9 Lemelin et Marc Chayer, copropri\u00e9taires de l&rsquo;entreprise, continuent de s&rsquo;investir pour vous proposer une gamme de produits et de services de plus en plus vari\u00e9s, \u00e0 la fine pointe de la technologie automobile.<\/p>\n<p>N&rsquo;h\u00e9sitez pas \u00e0 nous contacter, nous nous ferons un plaisir de vous r\u00e9pondre avec toute l&rsquo;expertise et le professionnalisme qui ont fait notre r\u00e9putation dans la r\u00e9gion! Notre \u00e9quipe de professionnels d\u00e9vou\u00e9s vous attend \u00e0 Terrebonne pour vous conseiller et r\u00e9pondre \u00e0 tous vos besoins.<\/p>\n<\/div>\n","protected":false},"excerpt":{"rendered":"<p>Cr\u00e9\u00e9e en 1979 par Claude Lemelin et son neveu Renaud Lemelin, Radiateur La Plaine est une entreprise familiale qui a toujours eu \u00e0 coeur d&rsquo;offrir un service client sur mesure. Notre plus grande r\u00e9compense est la satisfaction de notre client\u00e8le qui nous est fid\u00e8le depuis toutes ces ann\u00e9es. Aujourd&rsquo;hui, Andr\u00e9 Lemelin et Marc Chayer, copropri\u00e9taires &hellip; <a href=\"https:\/\/www.radiateurlaplaine.com\/fr\/contact\/\">Continued<\/a><\/p>\n","protected":false},"author":1,"featured_media":0,"parent":0,"menu_order":0,"comment_status":"closed","ping_status":"closed","template":"template-contact.php","meta":{"_acf_changed":false,"footnotes":""},"acf":[],"yoast_head":"<!-- This site is optimized with the Yoast SEO plugin v22.9 - https:\/\/yoast.com\/wordpress\/plugins\/seo\/ -->\n<title>Nous joindre - Radiateur La Plaine<\/title>\n<meta name=\"description\" content=\"Contactez-nous! L&#039;\u00e9quipe de Radiateur La Plaine vous r\u00e9pond avec toute l&#039;expertise et le professionnalisme qui ont fait sa r\u00e9putation \u00e0 Terrebonne et sa r\u00e9gion.\" \/>\n<meta name=\"robots\" content=\"index, follow, max-snippet:-1, max-image-preview:large, max-video-preview:-1\" \/>\n<meta property=\"og:locale\" content=\"fr_CA\" \/>\n<meta property=\"og:type\" content=\"article\" \/>\n<meta property=\"og:title\" content=\"Nous joindre - Radiateur La Plaine\" \/>\n<meta property=\"og:description\" content=\"Contactez-nous! L&#039;\u00e9quipe de Radiateur La Plaine vous r\u00e9pond avec toute l&#039;expertise et le professionnalisme qui ont fait sa r\u00e9putation \u00e0 Terrebonne et sa r\u00e9gion.\" \/>\n<meta property=\"og:url\" content=\"https:\/\/www.radiateurlaplaine.com\/fr\/contact\/\" \/>\n<meta property=\"og:site_name\" content=\"Radiateur La Plaine\" \/>\n<meta property=\"article:modified_time\" content=\"2018-10-29T16:07:59+00:00\" \/>\n<meta name=\"twitter:card\" content=\"summary_large_image\" \/>\n<meta name=\"twitter:label1\" content=\"Dur\u00e9e de lecture estim\u00e9e\" \/>\n\t<meta name=\"twitter:data1\" content=\"1 minute\" \/>\n<script type=\"application\/ld+json\" class=\"yoast-schema-graph\">{\"@context\":\"https:\/\/schema.org\",\"@graph\":[{\"@type\":\"WebPage\",\"@id\":\"https:\/\/www.radiateurlaplaine.com\/fr\/contact\/\",\"url\":\"https:\/\/www.radiateurlaplaine.com\/fr\/contact\/\",\"name\":\"Nous joindre - Radiateur La Plaine\",\"isPartOf\":{\"@id\":\"https:\/\/www.radiateurlaplaine.com\/fr\/#website\"},\"datePublished\":\"2016-01-26T20:19:45+00:00\",\"dateModified\":\"2018-10-29T16:07:59+00:00\",\"description\":\"Contactez-nous! L'\u00e9quipe de Radiateur La Plaine vous r\u00e9pond avec toute l'expertise et le professionnalisme qui ont fait sa r\u00e9putation \u00e0 Terrebonne et sa r\u00e9gion.\",\"breadcrumb\":{\"@id\":\"https:\/\/www.radiateurlaplaine.com\/fr\/contact\/#breadcrumb\"},\"inLanguage\":\"fr-FR\",\"potentialAction\":[{\"@type\":\"ReadAction\",\"target\":[\"https:\/\/www.radiateurlaplaine.com\/fr\/contact\/\"]}]},{\"@type\":\"BreadcrumbList\",\"@id\":\"https:\/\/www.radiateurlaplaine.com\/fr\/contact\/#breadcrumb\",\"itemListElement\":[{\"@type\":\"ListItem\",\"position\":1,\"name\":\"Accueil\",\"item\":\"https:\/\/www.radiateurlaplaine.com\/fr\/\"},{\"@type\":\"ListItem\",\"position\":2,\"name\":\"Nous joindre\"}]},{\"@type\":\"WebSite\",\"@id\":\"https:\/\/www.radiateurlaplaine.com\/fr\/#website\",\"url\":\"https:\/\/www.radiateurlaplaine.com\/fr\/\",\"name\":\"Radiateur La Plaine\",\"description\":\"\",\"potentialAction\":[{\"@type\":\"SearchAction\",\"target\":{\"@type\":\"EntryPoint\",\"urlTemplate\":\"https:\/\/www.radiateurlaplaine.com\/fr\/?s={search_term_string}\"},\"query-input\":\"required name=search_term_string\"}],\"inLanguage\":\"fr-FR\"}]}<\/script>\n<!-- \/ Yoast SEO plugin. -->","yoast_head_json":{"title":"Nous joindre - Radiateur La Plaine","description":"Contactez-nous! L'\u00e9quipe de Radiateur La Plaine vous r\u00e9pond avec toute l'expertise et le professionnalisme qui ont fait sa r\u00e9putation \u00e0 Terrebonne et sa r\u00e9gion.","robots":{"index":"index","follow":"follow","max-snippet":"max-snippet:-1","max-image-preview":"max-image-preview:large","max-video-preview":"max-video-preview:-1"},"og_locale":"fr_CA","og_type":"article","og_title":"Nous joindre - Radiateur La Plaine","og_description":"Contactez-nous! L'\u00e9quipe de Radiateur La Plaine vous r\u00e9pond avec toute l'expertise et le professionnalisme qui ont fait sa r\u00e9putation \u00e0 Terrebonne et sa r\u00e9gion.","og_url":"https:\/\/www.radiateurlaplaine.com\/fr\/contact\/","og_site_name":"Radiateur La Plaine","article_modified_time":"2018-10-29T16:07:59+00:00","twitter_card":"summary_large_image","twitter_misc":{"Dur\u00e9e de lecture estim\u00e9e":"1 minute"},"schema":{"@context":"https:\/\/schema.org","@graph":[{"@type":"WebPage","@id":"https:\/\/www.radiateurlaplaine.com\/fr\/contact\/","url":"https:\/\/www.radiateurlaplaine.com\/fr\/contact\/","name":"Nous joindre - Radiateur La Plaine","isPartOf":{"@id":"https:\/\/www.radiateurlaplaine.com\/fr\/#website"},"datePublished":"2016-01-26T20:19:45+00:00","dateModified":"2018-10-29T16:07:59+00:00","description":"Contactez-nous! L'\u00e9quipe de Radiateur La Plaine vous r\u00e9pond avec toute l'expertise et le professionnalisme qui ont fait sa r\u00e9putation \u00e0 Terrebonne et sa r\u00e9gion.","breadcrumb":{"@id":"https:\/\/www.radiateurlaplaine.com\/fr\/contact\/#breadcrumb"},"inLanguage":"fr-FR","potentialAction":[{"@type":"ReadAction","target":["https:\/\/www.radiateurlaplaine.com\/fr\/contact\/"]}]},{"@type":"BreadcrumbList","@id":"https:\/\/www.radiateurlaplaine.com\/fr\/contact\/#breadcrumb","itemListElement":[{"@type":"ListItem","position":1,"name":"Accueil","item":"https:\/\/www.radiateurlaplaine.com\/fr\/"},{"@type":"ListItem","position":2,"name":"Nous joindre"}]},{"@type":"WebSite","@id":"https:\/\/www.radiateurlaplaine.com\/fr\/#website","url":"https:\/\/www.radiateurlaplaine.com\/fr\/","name":"Radiateur La Plaine","description":"","potentialAction":[{"@type":"SearchAction","target":{"@type":"EntryPoint","urlTemplate":"https:\/\/www.radiateurlaplaine.com\/fr\/?s={search_term_string}"},"query-input":"required name=search_term_string"}],"inLanguage":"fr-FR"}]}},"_links":{"self":[{"href":"https:\/\/www.radiateurlaplaine.com\/fr\/wp-json\/wp\/v2\/pages\/4402"}],"collection":[{"href":"https:\/\/www.radiateurlaplaine.com\/fr\/wp-json\/wp\/v2\/pages"}],"about":[{"href":"https:\/\/www.radiateurlaplaine.com\/fr\/wp-json\/wp\/v2\/types\/page"}],"author":[{"embeddable":true,"href":"https:\/\/www.radiateurlaplaine.com\/fr\/wp-json\/wp\/v2\/users\/1"}],"replies":[{"embeddable":true,"href":"https:\/\/www.radiateurlaplaine.com\/fr\/wp-json\/wp\/v2\/comments?post=4402"}],"version-history":[{"count":1,"href":"https:\/\/www.radiateurlaplaine.com\/fr\/wp-json\/wp\/v2\/pages\/4402\/revisions"}],"predecessor-version":[{"id":4455,"href":"https:\/\/www.radiateurlaplaine.com\/fr\/wp-json\/wp\/v2\/pages\/4402\/revisions\/4455"}],"wp:attachment":[{"href":"https:\/\/www.radiateurlaplaine.com\/fr\/wp-json\/wp\/v2\/media?parent=4402"}],"curies":[{"name":"wp","href":"https:\/\/api.w.org\/{rel}","templated":true}]}}