{"id":5072,"date":"2018-03-09T15:11:00","date_gmt":"2018-03-09T20:11:00","guid":{"rendered":"http:\/\/wp-radiateur-laplaine.eliappwordpress1sto.elisys-servers.ca\/?page_id=5072\/"},"modified":"2018-03-13T14:05:36","modified_gmt":"2018-03-13T18:05:36","slug":"realisations","status":"publish","type":"page","link":"https:\/\/www.radiateurlaplaine.com\/fr\/realisations\/","title":{"rendered":"Nos r\u00e9alisations"},"content":{"rendered":"<p>D\u00e9couvrez tout le savoir-faire des \u00e9quipes de Radiateur La Plaine. Depuis 40 ans, nous r\u00e9pondons \u00e0 vos besoins en fabriquant sur mesure des produits de qualit\u00e9.<\/p>\n<p>Nous sommes sp\u00e9cialis\u00e9s dans les travaux de coupe, pliage et soudure des m\u00e9taux. Attaches de remorques, coffres, r\u00e9servoirs,&#8230; Toutes nos r\u00e9alisations t\u00e9moignent de l&rsquo;expertise de nos professionnels exp\u00e9riment\u00e9s.<\/p>\n<p>Une id\u00e9e, un besoin particulier? Nous sommes \u00e0 votre disposition pour vous accompagner et mener \u00e0 bien votre projet. <a href=\"https:\/\/www.radiateurlaplaine.com\/fr\/contact\/\">Contactez-nous<\/a> pour un service sur mesure!<\/p>\n","protected":false},"excerpt":{"rendered":"<p>D\u00e9couvrez tout le savoir-faire des \u00e9quipes de Radiateur La Plaine. Depuis 40 ans, nous r\u00e9pondons \u00e0 vos besoins en fabriquant sur mesure des produits de qualit\u00e9. Nous sommes sp\u00e9cialis\u00e9s dans les travaux de coupe, pliage et soudure des m\u00e9taux. Attaches de remorques, coffres, r\u00e9servoirs,&#8230; Toutes nos r\u00e9alisations t\u00e9moignent de l&rsquo;expertise de nos professionnels exp\u00e9riment\u00e9s. Une &hellip; <a href=\"https:\/\/www.radiateurlaplaine.com\/fr\/realisations\/\">Continued<\/a><\/p>\n","protected":false},"author":1,"featured_media":0,"parent":0,"menu_order":0,"comment_status":"closed","ping_status":"closed","template":"template-listing-realisations.php","meta":{"_acf_changed":false,"footnotes":""},"acf":[],"yoast_head":"<!-- This site is optimized with the Yoast SEO plugin v22.9 - https:\/\/yoast.com\/wordpress\/plugins\/seo\/ -->\n<title>Nos r\u00e9alisations - Radiateur La Plaine<\/title>\n<meta name=\"description\" content=\"Depuis 40 ans, Radiateur La Plaine r\u00e9pond \u00e0 vos besoins en fabriquant \u00e0 la demande des produits de qualit\u00e9. Contactez nous pour un service sur mesure!\" \/>\n<meta name=\"robots\" content=\"index, follow, max-snippet:-1, max-image-preview:large, max-video-preview:-1\" \/>\n<meta property=\"og:locale\" content=\"fr_CA\" \/>\n<meta property=\"og:type\" content=\"article\" \/>\n<meta property=\"og:title\" content=\"Nos r\u00e9alisations - Radiateur La Plaine\" \/>\n<meta property=\"og:description\" content=\"Depuis 40 ans, Radiateur La Plaine r\u00e9pond \u00e0 vos besoins en fabriquant \u00e0 la demande des produits de qualit\u00e9. Contactez nous pour un service sur mesure!\" \/>\n<meta property=\"og:url\" content=\"https:\/\/www.radiateurlaplaine.com\/fr\/realisations\/\" \/>\n<meta property=\"og:site_name\" content=\"Radiateur La Plaine\" \/>\n<meta property=\"article:modified_time\" content=\"2018-03-13T18:05:36+00:00\" \/>\n<meta name=\"twitter:card\" content=\"summary_large_image\" \/>\n<script type=\"application\/ld+json\" class=\"yoast-schema-graph\">{\"@context\":\"https:\/\/schema.org\",\"@graph\":[{\"@type\":\"WebPage\",\"@id\":\"https:\/\/www.radiateurlaplaine.com\/fr\/realisations\/\",\"url\":\"https:\/\/www.radiateurlaplaine.com\/fr\/realisations\/\",\"name\":\"Nos r\u00e9alisations - Radiateur La Plaine\",\"isPartOf\":{\"@id\":\"https:\/\/www.radiateurlaplaine.com\/fr\/#website\"},\"datePublished\":\"2018-03-09T20:11:00+00:00\",\"dateModified\":\"2018-03-13T18:05:36+00:00\",\"description\":\"Depuis 40 ans, Radiateur La Plaine r\u00e9pond \u00e0 vos besoins en fabriquant \u00e0 la demande des produits de qualit\u00e9. Contactez nous pour un service sur mesure!\",\"breadcrumb\":{\"@id\":\"https:\/\/www.radiateurlaplaine.com\/fr\/realisations\/#breadcrumb\"},\"inLanguage\":\"fr-FR\",\"potentialAction\":[{\"@type\":\"ReadAction\",\"target\":[\"https:\/\/www.radiateurlaplaine.com\/fr\/realisations\/\"]}]},{\"@type\":\"BreadcrumbList\",\"@id\":\"https:\/\/www.radiateurlaplaine.com\/fr\/realisations\/#breadcrumb\",\"itemListElement\":[{\"@type\":\"ListItem\",\"position\":1,\"name\":\"Accueil\",\"item\":\"https:\/\/www.radiateurlaplaine.com\/fr\/\"},{\"@type\":\"ListItem\",\"position\":2,\"name\":\"Nos r\u00e9alisations\"}]},{\"@type\":\"WebSite\",\"@id\":\"https:\/\/www.radiateurlaplaine.com\/fr\/#website\",\"url\":\"https:\/\/www.radiateurlaplaine.com\/fr\/\",\"name\":\"Radiateur La Plaine\",\"description\":\"\",\"potentialAction\":[{\"@type\":\"SearchAction\",\"target\":{\"@type\":\"EntryPoint\",\"urlTemplate\":\"https:\/\/www.radiateurlaplaine.com\/fr\/?s={search_term_string}\"},\"query-input\":\"required name=search_term_string\"}],\"inLanguage\":\"fr-FR\"}]}<\/script>\n<!-- \/ Yoast SEO plugin. -->","yoast_head_json":{"title":"Nos r\u00e9alisations - Radiateur La Plaine","description":"Depuis 40 ans, Radiateur La Plaine r\u00e9pond \u00e0 vos besoins en fabriquant \u00e0 la demande des produits de qualit\u00e9. Contactez nous pour un service sur mesure!","robots":{"index":"index","follow":"follow","max-snippet":"max-snippet:-1","max-image-preview":"max-image-preview:large","max-video-preview":"max-video-preview:-1"},"og_locale":"fr_CA","og_type":"article","og_title":"Nos r\u00e9alisations - Radiateur La Plaine","og_description":"Depuis 40 ans, Radiateur La Plaine r\u00e9pond \u00e0 vos besoins en fabriquant \u00e0 la demande des produits de qualit\u00e9. Contactez nous pour un service sur mesure!","og_url":"https:\/\/www.radiateurlaplaine.com\/fr\/realisations\/","og_site_name":"Radiateur La Plaine","article_modified_time":"2018-03-13T18:05:36+00:00","twitter_card":"summary_large_image","schema":{"@context":"https:\/\/schema.org","@graph":[{"@type":"WebPage","@id":"https:\/\/www.radiateurlaplaine.com\/fr\/realisations\/","url":"https:\/\/www.radiateurlaplaine.com\/fr\/realisations\/","name":"Nos r\u00e9alisations - Radiateur La Plaine","isPartOf":{"@id":"https:\/\/www.radiateurlaplaine.com\/fr\/#website"},"datePublished":"2018-03-09T20:11:00+00:00","dateModified":"2018-03-13T18:05:36+00:00","description":"Depuis 40 ans, Radiateur La Plaine r\u00e9pond \u00e0 vos besoins en fabriquant \u00e0 la demande des produits de qualit\u00e9. Contactez nous pour un service sur mesure!","breadcrumb":{"@id":"https:\/\/www.radiateurlaplaine.com\/fr\/realisations\/#breadcrumb"},"inLanguage":"fr-FR","potentialAction":[{"@type":"ReadAction","target":["https:\/\/www.radiateurlaplaine.com\/fr\/realisations\/"]}]},{"@type":"BreadcrumbList","@id":"https:\/\/www.radiateurlaplaine.com\/fr\/realisations\/#breadcrumb","itemListElement":[{"@type":"ListItem","position":1,"name":"Accueil","item":"https:\/\/www.radiateurlaplaine.com\/fr\/"},{"@type":"ListItem","position":2,"name":"Nos r\u00e9alisations"}]},{"@type":"WebSite","@id":"https:\/\/www.radiateurlaplaine.com\/fr\/#website","url":"https:\/\/www.radiateurlaplaine.com\/fr\/","name":"Radiateur La Plaine","description":"","potentialAction":[{"@type":"SearchAction","target":{"@type":"EntryPoint","urlTemplate":"https:\/\/www.radiateurlaplaine.com\/fr\/?s={search_term_string}"},"query-input":"required name=search_term_string"}],"inLanguage":"fr-FR"}]}},"_links":{"self":[{"href":"https:\/\/www.radiateurlaplaine.com\/fr\/wp-json\/wp\/v2\/pages\/5072"}],"collection":[{"href":"https:\/\/www.radiateurlaplaine.com\/fr\/wp-json\/wp\/v2\/pages"}],"about":[{"href":"https:\/\/www.radiateurlaplaine.com\/fr\/wp-json\/wp\/v2\/types\/page"}],"author":[{"embeddable":true,"href":"https:\/\/www.radiateurlaplaine.com\/fr\/wp-json\/wp\/v2\/users\/1"}],"replies":[{"embeddable":true,"href":"https:\/\/www.radiateurlaplaine.com\/fr\/wp-json\/wp\/v2\/comments?post=5072"}],"version-history":[{"count":1,"href":"https:\/\/www.radiateurlaplaine.com\/fr\/wp-json\/wp\/v2\/pages\/5072\/revisions"}],"predecessor-version":[{"id":5116,"href":"https:\/\/www.radiateurlaplaine.com\/fr\/wp-json\/wp\/v2\/pages\/5072\/revisions\/5116"}],"wp:attachment":[{"href":"https:\/\/www.radiateurlaplaine.com\/fr\/wp-json\/wp\/v2\/media?parent=5072"}],"curies":[{"name":"wp","href":"https:\/\/api.w.org\/{rel}","templated":true}]}}