{"id":5079,"date":"2018-03-12T15:16:00","date_gmt":"2018-03-12T19:16:00","guid":{"rendered":"http:\/\/wp-radiateur-laplaine.eliappwordpress1sto.elisys-servers.ca\/?page_id=5079\/"},"modified":"2018-03-23T15:55:39","modified_gmt":"2018-03-23T19:55:39","slug":"attaches-de-remorques","status":"publish","type":"page","link":"https:\/\/www.radiateurlaplaine.com\/fr\/attaches-de-remorques\/","title":{"rendered":"Attaches de remorques"},"content":{"rendered":"<p>Chez Radiateur La Plaine, nous sommes les sp\u00e9cialistes des attaches de remorques. Que ce soit pour votre voiture, dans le but de remorquer, d&rsquo;y installer un support \u00e0 v\u00e9lo ou une plateforme de transport ou bien pour votre camion avec des attaches de plus grande capacit\u00e9 (Fifthwheel ou Gooseneck), nous avons ce qu&rsquo;il vous faut.<\/p>\n<div class=\"textMore\">\n<p>Nos techniciens peuvent aussi bien installer des syst\u00e8mes \u00e9lectriques que des syst\u00e8mes de freinage et de recharge de batterie pour votre remorque ou votre roulotte.<\/p>\n<p>Nous nous adaptons \u00e0 vos besoins et \u00e0 votre budget gr\u00e2ce \u00e0 un large inventaire et \u00e0 nos fabrications maison sur mesure.<\/p>\n<p><a href=\"https:\/\/www.radiateurlaplaine.com\/fr\/contact\/\">Appelez-nous<\/a>! Radiateur La Plaine est la r\u00e9f\u00e9rence en mati\u00e8re d&rsquo;attaches de remorques \u00e0 Terrebonne et dans sa r\u00e9gion.<\/p>\n<\/div>\n","protected":false},"excerpt":{"rendered":"<p>Chez Radiateur La Plaine, nous sommes les sp\u00e9cialistes des attaches de remorques. Que ce soit pour votre voiture, dans le but de remorquer, d&rsquo;y installer un support \u00e0 v\u00e9lo ou une plateforme de transport ou bien pour votre camion avec des attaches de plus grande capacit\u00e9 (Fifthwheel ou Gooseneck), nous avons ce qu&rsquo;il vous faut. &hellip; <a href=\"https:\/\/www.radiateurlaplaine.com\/fr\/attaches-de-remorques\/\">Continued<\/a><\/p>\n","protected":false},"author":1,"featured_media":0,"parent":0,"menu_order":0,"comment_status":"closed","ping_status":"closed","template":"template-services.php","meta":{"_acf_changed":false,"footnotes":""},"acf":[],"yoast_head":"<!-- This site is optimized with the Yoast SEO plugin v22.9 - https:\/\/yoast.com\/wordpress\/plugins\/seo\/ -->\n<title>Attaches de remorques - 40 ans de savoir-faire - Radiateur La Plaine<\/title>\n<meta name=\"description\" content=\"Chez Radiateur La Plaine, nous sommes les sp\u00e9cialistes des attaches de remorques. Rendez-vous \u00e0 Terrebonne pour profiter de nos 40 ans d&#039;expertise.\" \/>\n<meta name=\"robots\" content=\"index, follow, max-snippet:-1, max-image-preview:large, max-video-preview:-1\" \/>\n<meta property=\"og:locale\" content=\"fr_CA\" \/>\n<meta property=\"og:type\" content=\"article\" \/>\n<meta property=\"og:title\" content=\"Attaches de remorques - 40 ans de savoir-faire - Radiateur La Plaine\" \/>\n<meta property=\"og:description\" content=\"Chez Radiateur La Plaine, nous sommes les sp\u00e9cialistes des attaches de remorques. Rendez-vous \u00e0 Terrebonne pour profiter de nos 40 ans d&#039;expertise.\" \/>\n<meta property=\"og:url\" content=\"https:\/\/www.radiateurlaplaine.com\/fr\/attaches-de-remorques\/\" \/>\n<meta property=\"og:site_name\" content=\"Radiateur La Plaine\" \/>\n<meta property=\"article:modified_time\" content=\"2018-03-23T19:55:39+00:00\" \/>\n<meta name=\"twitter:card\" content=\"summary_large_image\" \/>\n<meta name=\"twitter:label1\" content=\"Dur\u00e9e de lecture estim\u00e9e\" \/>\n\t<meta name=\"twitter:data1\" content=\"1 minute\" \/>\n<script type=\"application\/ld+json\" class=\"yoast-schema-graph\">{\"@context\":\"https:\/\/schema.org\",\"@graph\":[{\"@type\":\"WebPage\",\"@id\":\"https:\/\/www.radiateurlaplaine.com\/fr\/attaches-de-remorques\/\",\"url\":\"https:\/\/www.radiateurlaplaine.com\/fr\/attaches-de-remorques\/\",\"name\":\"Attaches de remorques - 40 ans de savoir-faire - Radiateur La Plaine\",\"isPartOf\":{\"@id\":\"https:\/\/www.radiateurlaplaine.com\/fr\/#website\"},\"datePublished\":\"2018-03-12T19:16:00+00:00\",\"dateModified\":\"2018-03-23T19:55:39+00:00\",\"description\":\"Chez Radiateur La Plaine, nous sommes les sp\u00e9cialistes des attaches de remorques. Rendez-vous \u00e0 Terrebonne pour profiter de nos 40 ans d'expertise.\",\"breadcrumb\":{\"@id\":\"https:\/\/www.radiateurlaplaine.com\/fr\/attaches-de-remorques\/#breadcrumb\"},\"inLanguage\":\"fr-FR\",\"potentialAction\":[{\"@type\":\"ReadAction\",\"target\":[\"https:\/\/www.radiateurlaplaine.com\/fr\/attaches-de-remorques\/\"]}]},{\"@type\":\"BreadcrumbList\",\"@id\":\"https:\/\/www.radiateurlaplaine.com\/fr\/attaches-de-remorques\/#breadcrumb\",\"itemListElement\":[{\"@type\":\"ListItem\",\"position\":1,\"name\":\"Accueil\",\"item\":\"https:\/\/www.radiateurlaplaine.com\/fr\/\"},{\"@type\":\"ListItem\",\"position\":2,\"name\":\"Attaches de remorques\"}]},{\"@type\":\"WebSite\",\"@id\":\"https:\/\/www.radiateurlaplaine.com\/fr\/#website\",\"url\":\"https:\/\/www.radiateurlaplaine.com\/fr\/\",\"name\":\"Radiateur La Plaine\",\"description\":\"\",\"potentialAction\":[{\"@type\":\"SearchAction\",\"target\":{\"@type\":\"EntryPoint\",\"urlTemplate\":\"https:\/\/www.radiateurlaplaine.com\/fr\/?s={search_term_string}\"},\"query-input\":\"required name=search_term_string\"}],\"inLanguage\":\"fr-FR\"}]}<\/script>\n<!-- \/ Yoast SEO plugin. -->","yoast_head_json":{"title":"Attaches de remorques - 40 ans de savoir-faire - Radiateur La Plaine","description":"Chez Radiateur La Plaine, nous sommes les sp\u00e9cialistes des attaches de remorques. Rendez-vous \u00e0 Terrebonne pour profiter de nos 40 ans d'expertise.","robots":{"index":"index","follow":"follow","max-snippet":"max-snippet:-1","max-image-preview":"max-image-preview:large","max-video-preview":"max-video-preview:-1"},"og_locale":"fr_CA","og_type":"article","og_title":"Attaches de remorques - 40 ans de savoir-faire - Radiateur La Plaine","og_description":"Chez Radiateur La Plaine, nous sommes les sp\u00e9cialistes des attaches de remorques. Rendez-vous \u00e0 Terrebonne pour profiter de nos 40 ans d'expertise.","og_url":"https:\/\/www.radiateurlaplaine.com\/fr\/attaches-de-remorques\/","og_site_name":"Radiateur La Plaine","article_modified_time":"2018-03-23T19:55:39+00:00","twitter_card":"summary_large_image","twitter_misc":{"Dur\u00e9e de lecture estim\u00e9e":"1 minute"},"schema":{"@context":"https:\/\/schema.org","@graph":[{"@type":"WebPage","@id":"https:\/\/www.radiateurlaplaine.com\/fr\/attaches-de-remorques\/","url":"https:\/\/www.radiateurlaplaine.com\/fr\/attaches-de-remorques\/","name":"Attaches de remorques - 40 ans de savoir-faire - Radiateur La Plaine","isPartOf":{"@id":"https:\/\/www.radiateurlaplaine.com\/fr\/#website"},"datePublished":"2018-03-12T19:16:00+00:00","dateModified":"2018-03-23T19:55:39+00:00","description":"Chez Radiateur La Plaine, nous sommes les sp\u00e9cialistes des attaches de remorques. Rendez-vous \u00e0 Terrebonne pour profiter de nos 40 ans d'expertise.","breadcrumb":{"@id":"https:\/\/www.radiateurlaplaine.com\/fr\/attaches-de-remorques\/#breadcrumb"},"inLanguage":"fr-FR","potentialAction":[{"@type":"ReadAction","target":["https:\/\/www.radiateurlaplaine.com\/fr\/attaches-de-remorques\/"]}]},{"@type":"BreadcrumbList","@id":"https:\/\/www.radiateurlaplaine.com\/fr\/attaches-de-remorques\/#breadcrumb","itemListElement":[{"@type":"ListItem","position":1,"name":"Accueil","item":"https:\/\/www.radiateurlaplaine.com\/fr\/"},{"@type":"ListItem","position":2,"name":"Attaches de remorques"}]},{"@type":"WebSite","@id":"https:\/\/www.radiateurlaplaine.com\/fr\/#website","url":"https:\/\/www.radiateurlaplaine.com\/fr\/","name":"Radiateur La Plaine","description":"","potentialAction":[{"@type":"SearchAction","target":{"@type":"EntryPoint","urlTemplate":"https:\/\/www.radiateurlaplaine.com\/fr\/?s={search_term_string}"},"query-input":"required name=search_term_string"}],"inLanguage":"fr-FR"}]}},"_links":{"self":[{"href":"https:\/\/www.radiateurlaplaine.com\/fr\/wp-json\/wp\/v2\/pages\/5079"}],"collection":[{"href":"https:\/\/www.radiateurlaplaine.com\/fr\/wp-json\/wp\/v2\/pages"}],"about":[{"href":"https:\/\/www.radiateurlaplaine.com\/fr\/wp-json\/wp\/v2\/types\/page"}],"author":[{"embeddable":true,"href":"https:\/\/www.radiateurlaplaine.com\/fr\/wp-json\/wp\/v2\/users\/1"}],"replies":[{"embeddable":true,"href":"https:\/\/www.radiateurlaplaine.com\/fr\/wp-json\/wp\/v2\/comments?post=5079"}],"version-history":[{"count":1,"href":"https:\/\/www.radiateurlaplaine.com\/fr\/wp-json\/wp\/v2\/pages\/5079\/revisions"}],"predecessor-version":[{"id":5112,"href":"https:\/\/www.radiateurlaplaine.com\/fr\/wp-json\/wp\/v2\/pages\/5079\/revisions\/5112"}],"wp:attachment":[{"href":"https:\/\/www.radiateurlaplaine.com\/fr\/wp-json\/wp\/v2\/media?parent=5079"}],"curies":[{"name":"wp","href":"https:\/\/api.w.org\/{rel}","templated":true}]}}