{"id":5080,"date":"2018-03-12T15:16:45","date_gmt":"2018-03-12T19:16:45","guid":{"rendered":"http:\/\/wp-radiateur-laplaine.eliappwordpress1sto.elisys-servers.ca\/?page_id=5080\/"},"modified":"2018-03-27T10:29:36","modified_gmt":"2018-03-27T14:29:36","slug":"air-climatise","status":"publish","type":"page","link":"https:\/\/www.radiateurlaplaine.com\/fr\/air-climatise\/","title":{"rendered":"Air climatis\u00e9, radiateurs et syst\u00e8mes de chauffage"},"content":{"rendered":"<p>Parce qu&rsquo;il est important d&rsquo;assurer un entretien r\u00e9gulier de vos syst\u00e8mes de climatisation et de chauffage, Radiateur La Plaine vous offre un service de qualit\u00e9 pour tous vos v\u00e9hicules.<\/p>\n<p>Nos techniciens qualifi\u00e9s et form\u00e9s r\u00e9guli\u00e8rement aux derni\u00e8res m\u00e9thodes s&rsquo;occupent de l&rsquo;installation, l&rsquo;entretien et la r\u00e9paration des radiateurs, radiateurs de chaufferettes, airs climatis\u00e9s et refroidisseurs de transmission mais aussi des silencieux et syst\u00e8mes d&rsquo;\u00e9chappement pour tous vos v\u00e9hicules, de l&rsquo;automobile aux camions lourds.<\/p>\n<p><a href=\"https:\/\/www.radiateurlaplaine.com\/fr\/contact\/\">Prenez rendez-vous par t\u00e9l\u00e9phone<\/a> avec notre \u00e9quipe \u00e0 Terrebonne et profitez de l&rsquo;exp\u00e9rience de Radiateur La Plaine.<\/p>\n","protected":false},"excerpt":{"rendered":"<p>Parce qu&rsquo;il est important d&rsquo;assurer un entretien r\u00e9gulier de vos syst\u00e8mes de climatisation et de chauffage, Radiateur La Plaine vous offre un service de qualit\u00e9 pour tous vos v\u00e9hicules. Nos techniciens qualifi\u00e9s et form\u00e9s r\u00e9guli\u00e8rement aux derni\u00e8res m\u00e9thodes s&rsquo;occupent de l&rsquo;installation, l&rsquo;entretien et la r\u00e9paration des radiateurs, radiateurs de chaufferettes, airs climatis\u00e9s et refroidisseurs de &hellip; <a href=\"https:\/\/www.radiateurlaplaine.com\/fr\/air-climatise\/\">Continued<\/a><\/p>\n","protected":false},"author":1,"featured_media":0,"parent":0,"menu_order":0,"comment_status":"closed","ping_status":"closed","template":"template-services.php","meta":{"_acf_changed":false,"footnotes":""},"acf":[],"yoast_head":"<!-- This site is optimized with the Yoast SEO plugin v22.9 - https:\/\/yoast.com\/wordpress\/plugins\/seo\/ -->\n<title>Air climatis\u00e9, radiateurs et syst\u00e8mes de chauffage - Entretien et r\u00e9paration - Radiateur La Plaine<\/title>\n<meta name=\"description\" content=\"Pour l&#039;entretien de vos syst\u00e8mes de climatisation et de chauffage, Radiateur La Plaine vous assure un service de qualit\u00e9 pour tous vos v\u00e9hicules. Appelez-nous!\" \/>\n<meta name=\"robots\" content=\"index, follow, max-snippet:-1, max-image-preview:large, max-video-preview:-1\" \/>\n<meta property=\"og:locale\" content=\"fr_CA\" \/>\n<meta property=\"og:type\" content=\"article\" \/>\n<meta property=\"og:title\" content=\"Air climatis\u00e9, radiateurs et syst\u00e8mes de chauffage - Entretien et r\u00e9paration - Radiateur La Plaine\" \/>\n<meta property=\"og:description\" content=\"Pour l&#039;entretien de vos syst\u00e8mes de climatisation et de chauffage, Radiateur La Plaine vous assure un service de qualit\u00e9 pour tous vos v\u00e9hicules. Appelez-nous!\" \/>\n<meta property=\"og:url\" content=\"https:\/\/www.radiateurlaplaine.com\/fr\/air-climatise\/\" \/>\n<meta property=\"og:site_name\" content=\"Radiateur La Plaine\" \/>\n<meta property=\"article:modified_time\" content=\"2018-03-27T14:29:36+00:00\" \/>\n<meta name=\"twitter:card\" content=\"summary_large_image\" \/>\n<meta name=\"twitter:label1\" content=\"Dur\u00e9e de lecture estim\u00e9e\" \/>\n\t<meta name=\"twitter:data1\" content=\"1 minute\" \/>\n<script type=\"application\/ld+json\" class=\"yoast-schema-graph\">{\"@context\":\"https:\/\/schema.org\",\"@graph\":[{\"@type\":\"WebPage\",\"@id\":\"https:\/\/www.radiateurlaplaine.com\/fr\/air-climatise\/\",\"url\":\"https:\/\/www.radiateurlaplaine.com\/fr\/air-climatise\/\",\"name\":\"Air climatis\u00e9, radiateurs et syst\u00e8mes de chauffage - Entretien et r\u00e9paration - Radiateur La Plaine\",\"isPartOf\":{\"@id\":\"https:\/\/www.radiateurlaplaine.com\/fr\/#website\"},\"datePublished\":\"2018-03-12T19:16:45+00:00\",\"dateModified\":\"2018-03-27T14:29:36+00:00\",\"description\":\"Pour l'entretien de vos syst\u00e8mes de climatisation et de chauffage, Radiateur La Plaine vous assure un service de qualit\u00e9 pour tous vos v\u00e9hicules. Appelez-nous!\",\"breadcrumb\":{\"@id\":\"https:\/\/www.radiateurlaplaine.com\/fr\/air-climatise\/#breadcrumb\"},\"inLanguage\":\"fr-FR\",\"potentialAction\":[{\"@type\":\"ReadAction\",\"target\":[\"https:\/\/www.radiateurlaplaine.com\/fr\/air-climatise\/\"]}]},{\"@type\":\"BreadcrumbList\",\"@id\":\"https:\/\/www.radiateurlaplaine.com\/fr\/air-climatise\/#breadcrumb\",\"itemListElement\":[{\"@type\":\"ListItem\",\"position\":1,\"name\":\"Accueil\",\"item\":\"https:\/\/www.radiateurlaplaine.com\/fr\/\"},{\"@type\":\"ListItem\",\"position\":2,\"name\":\"Air climatis\u00e9, radiateurs et syst\u00e8mes de chauffage\"}]},{\"@type\":\"WebSite\",\"@id\":\"https:\/\/www.radiateurlaplaine.com\/fr\/#website\",\"url\":\"https:\/\/www.radiateurlaplaine.com\/fr\/\",\"name\":\"Radiateur La Plaine\",\"description\":\"\",\"potentialAction\":[{\"@type\":\"SearchAction\",\"target\":{\"@type\":\"EntryPoint\",\"urlTemplate\":\"https:\/\/www.radiateurlaplaine.com\/fr\/?s={search_term_string}\"},\"query-input\":\"required name=search_term_string\"}],\"inLanguage\":\"fr-FR\"}]}<\/script>\n<!-- \/ Yoast SEO plugin. -->","yoast_head_json":{"title":"Air climatis\u00e9, radiateurs et syst\u00e8mes de chauffage - Entretien et r\u00e9paration - Radiateur La Plaine","description":"Pour l'entretien de vos syst\u00e8mes de climatisation et de chauffage, Radiateur La Plaine vous assure un service de qualit\u00e9 pour tous vos v\u00e9hicules. Appelez-nous!","robots":{"index":"index","follow":"follow","max-snippet":"max-snippet:-1","max-image-preview":"max-image-preview:large","max-video-preview":"max-video-preview:-1"},"og_locale":"fr_CA","og_type":"article","og_title":"Air climatis\u00e9, radiateurs et syst\u00e8mes de chauffage - Entretien et r\u00e9paration - Radiateur La Plaine","og_description":"Pour l'entretien de vos syst\u00e8mes de climatisation et de chauffage, Radiateur La Plaine vous assure un service de qualit\u00e9 pour tous vos v\u00e9hicules. Appelez-nous!","og_url":"https:\/\/www.radiateurlaplaine.com\/fr\/air-climatise\/","og_site_name":"Radiateur La Plaine","article_modified_time":"2018-03-27T14:29:36+00:00","twitter_card":"summary_large_image","twitter_misc":{"Dur\u00e9e de lecture estim\u00e9e":"1 minute"},"schema":{"@context":"https:\/\/schema.org","@graph":[{"@type":"WebPage","@id":"https:\/\/www.radiateurlaplaine.com\/fr\/air-climatise\/","url":"https:\/\/www.radiateurlaplaine.com\/fr\/air-climatise\/","name":"Air climatis\u00e9, radiateurs et syst\u00e8mes de chauffage - Entretien et r\u00e9paration - Radiateur La Plaine","isPartOf":{"@id":"https:\/\/www.radiateurlaplaine.com\/fr\/#website"},"datePublished":"2018-03-12T19:16:45+00:00","dateModified":"2018-03-27T14:29:36+00:00","description":"Pour l'entretien de vos syst\u00e8mes de climatisation et de chauffage, Radiateur La Plaine vous assure un service de qualit\u00e9 pour tous vos v\u00e9hicules. Appelez-nous!","breadcrumb":{"@id":"https:\/\/www.radiateurlaplaine.com\/fr\/air-climatise\/#breadcrumb"},"inLanguage":"fr-FR","potentialAction":[{"@type":"ReadAction","target":["https:\/\/www.radiateurlaplaine.com\/fr\/air-climatise\/"]}]},{"@type":"BreadcrumbList","@id":"https:\/\/www.radiateurlaplaine.com\/fr\/air-climatise\/#breadcrumb","itemListElement":[{"@type":"ListItem","position":1,"name":"Accueil","item":"https:\/\/www.radiateurlaplaine.com\/fr\/"},{"@type":"ListItem","position":2,"name":"Air climatis\u00e9, radiateurs et syst\u00e8mes de chauffage"}]},{"@type":"WebSite","@id":"https:\/\/www.radiateurlaplaine.com\/fr\/#website","url":"https:\/\/www.radiateurlaplaine.com\/fr\/","name":"Radiateur La Plaine","description":"","potentialAction":[{"@type":"SearchAction","target":{"@type":"EntryPoint","urlTemplate":"https:\/\/www.radiateurlaplaine.com\/fr\/?s={search_term_string}"},"query-input":"required name=search_term_string"}],"inLanguage":"fr-FR"}]}},"_links":{"self":[{"href":"https:\/\/www.radiateurlaplaine.com\/fr\/wp-json\/wp\/v2\/pages\/5080"}],"collection":[{"href":"https:\/\/www.radiateurlaplaine.com\/fr\/wp-json\/wp\/v2\/pages"}],"about":[{"href":"https:\/\/www.radiateurlaplaine.com\/fr\/wp-json\/wp\/v2\/types\/page"}],"author":[{"embeddable":true,"href":"https:\/\/www.radiateurlaplaine.com\/fr\/wp-json\/wp\/v2\/users\/1"}],"replies":[{"embeddable":true,"href":"https:\/\/www.radiateurlaplaine.com\/fr\/wp-json\/wp\/v2\/comments?post=5080"}],"version-history":[{"count":1,"href":"https:\/\/www.radiateurlaplaine.com\/fr\/wp-json\/wp\/v2\/pages\/5080\/revisions"}],"predecessor-version":[{"id":5113,"href":"https:\/\/www.radiateurlaplaine.com\/fr\/wp-json\/wp\/v2\/pages\/5080\/revisions\/5113"}],"wp:attachment":[{"href":"https:\/\/www.radiateurlaplaine.com\/fr\/wp-json\/wp\/v2\/media?parent=5080"}],"curies":[{"name":"wp","href":"https:\/\/api.w.org\/{rel}","templated":true}]}}