{"id":5081,"date":"2018-03-12T15:17:13","date_gmt":"2018-03-12T19:17:13","guid":{"rendered":"http:\/\/wp-radiateur-laplaine.eliappwordpress1sto.elisys-servers.ca\/?page_id=5081\/"},"modified":"2018-03-23T16:04:13","modified_gmt":"2018-03-23T20:04:13","slug":"antirouille","status":"publish","type":"page","link":"https:\/\/www.radiateurlaplaine.com\/fr\/antirouille\/","title":{"rendered":"Traitement antirouille"},"content":{"rendered":"<p>Depuis 40 ans, Radiateur La Plaine prend soin de vos v\u00e9hicules pour les prot\u00e9ger des intemp\u00e9ries. Nous offrons ainsi un traitement antirouille de haute qualit\u00e9, appliqu\u00e9 avec soin et savoir-faire, selon une technique offrant une protection prolong\u00e9e.<\/p>\n<p>Pour une efficacit\u00e9 optimale, nous conseillons d&rsquo;appliquer le traitement antirouille deux ann\u00e9es cons\u00e9cutives puis de le r\u00e9p\u00e9ter une fois tous les deux ans.<\/p>\n<p>N&rsquo;h\u00e9sitez pas \u00e0 <a href=\"https:\/\/www.radiateurlaplaine.com\/fr\/contact\/\">contacter notre \u00e9quipe<\/a> pour toute question ou pour prendre rendez-vous. Nous nous ferons un plaisir de vous renseigner.<\/p>\n","protected":false},"excerpt":{"rendered":"<p>Depuis 40 ans, Radiateur La Plaine prend soin de vos v\u00e9hicules pour les prot\u00e9ger des intemp\u00e9ries. Nous offrons ainsi un traitement antirouille de haute qualit\u00e9, appliqu\u00e9 avec soin et savoir-faire, selon une technique offrant une protection prolong\u00e9e. Pour une efficacit\u00e9 optimale, nous conseillons d&rsquo;appliquer le traitement antirouille deux ann\u00e9es cons\u00e9cutives puis de le r\u00e9p\u00e9ter une &hellip; <a href=\"https:\/\/www.radiateurlaplaine.com\/fr\/antirouille\/\">Continued<\/a><\/p>\n","protected":false},"author":1,"featured_media":0,"parent":0,"menu_order":0,"comment_status":"closed","ping_status":"closed","template":"template-services.php","meta":{"_acf_changed":false,"footnotes":""},"acf":[],"yoast_head":"<!-- This site is optimized with the Yoast SEO plugin v22.9 - https:\/\/yoast.com\/wordpress\/plugins\/seo\/ -->\n<title>Traitement antirouille - Radiateur La Plaine<\/title>\n<meta name=\"description\" content=\"Depuis 40 ans, Radiateur La Plaine prot\u00e8ge votre v\u00e9hicule des intemp\u00e9ries gr\u00e2ce \u00e0 un traitement antirouille de haute qualit\u00e9. Prenez rendez-vous!\" \/>\n<meta name=\"robots\" content=\"index, follow, max-snippet:-1, max-image-preview:large, max-video-preview:-1\" \/>\n<meta property=\"og:locale\" content=\"fr_CA\" \/>\n<meta property=\"og:type\" content=\"article\" \/>\n<meta property=\"og:title\" content=\"Traitement antirouille - Radiateur La Plaine\" \/>\n<meta property=\"og:description\" content=\"Depuis 40 ans, Radiateur La Plaine prot\u00e8ge votre v\u00e9hicule des intemp\u00e9ries gr\u00e2ce \u00e0 un traitement antirouille de haute qualit\u00e9. Prenez rendez-vous!\" \/>\n<meta property=\"og:url\" content=\"https:\/\/www.radiateurlaplaine.com\/fr\/antirouille\/\" \/>\n<meta property=\"og:site_name\" content=\"Radiateur La Plaine\" \/>\n<meta property=\"article:modified_time\" content=\"2018-03-23T20:04:13+00:00\" \/>\n<meta name=\"twitter:card\" content=\"summary_large_image\" \/>\n<script type=\"application\/ld+json\" class=\"yoast-schema-graph\">{\"@context\":\"https:\/\/schema.org\",\"@graph\":[{\"@type\":\"WebPage\",\"@id\":\"https:\/\/www.radiateurlaplaine.com\/fr\/antirouille\/\",\"url\":\"https:\/\/www.radiateurlaplaine.com\/fr\/antirouille\/\",\"name\":\"Traitement antirouille - Radiateur La Plaine\",\"isPartOf\":{\"@id\":\"https:\/\/www.radiateurlaplaine.com\/fr\/#website\"},\"datePublished\":\"2018-03-12T19:17:13+00:00\",\"dateModified\":\"2018-03-23T20:04:13+00:00\",\"description\":\"Depuis 40 ans, Radiateur La Plaine prot\u00e8ge votre v\u00e9hicule des intemp\u00e9ries gr\u00e2ce \u00e0 un traitement antirouille de haute qualit\u00e9. Prenez rendez-vous!\",\"breadcrumb\":{\"@id\":\"https:\/\/www.radiateurlaplaine.com\/fr\/antirouille\/#breadcrumb\"},\"inLanguage\":\"fr-FR\",\"potentialAction\":[{\"@type\":\"ReadAction\",\"target\":[\"https:\/\/www.radiateurlaplaine.com\/fr\/antirouille\/\"]}]},{\"@type\":\"BreadcrumbList\",\"@id\":\"https:\/\/www.radiateurlaplaine.com\/fr\/antirouille\/#breadcrumb\",\"itemListElement\":[{\"@type\":\"ListItem\",\"position\":1,\"name\":\"Accueil\",\"item\":\"https:\/\/www.radiateurlaplaine.com\/fr\/\"},{\"@type\":\"ListItem\",\"position\":2,\"name\":\"Traitement antirouille\"}]},{\"@type\":\"WebSite\",\"@id\":\"https:\/\/www.radiateurlaplaine.com\/fr\/#website\",\"url\":\"https:\/\/www.radiateurlaplaine.com\/fr\/\",\"name\":\"Radiateur La Plaine\",\"description\":\"\",\"potentialAction\":[{\"@type\":\"SearchAction\",\"target\":{\"@type\":\"EntryPoint\",\"urlTemplate\":\"https:\/\/www.radiateurlaplaine.com\/fr\/?s={search_term_string}\"},\"query-input\":\"required name=search_term_string\"}],\"inLanguage\":\"fr-FR\"}]}<\/script>\n<!-- \/ Yoast SEO plugin. -->","yoast_head_json":{"title":"Traitement antirouille - Radiateur La Plaine","description":"Depuis 40 ans, Radiateur La Plaine prot\u00e8ge votre v\u00e9hicule des intemp\u00e9ries gr\u00e2ce \u00e0 un traitement antirouille de haute qualit\u00e9. Prenez rendez-vous!","robots":{"index":"index","follow":"follow","max-snippet":"max-snippet:-1","max-image-preview":"max-image-preview:large","max-video-preview":"max-video-preview:-1"},"og_locale":"fr_CA","og_type":"article","og_title":"Traitement antirouille - Radiateur La Plaine","og_description":"Depuis 40 ans, Radiateur La Plaine prot\u00e8ge votre v\u00e9hicule des intemp\u00e9ries gr\u00e2ce \u00e0 un traitement antirouille de haute qualit\u00e9. Prenez rendez-vous!","og_url":"https:\/\/www.radiateurlaplaine.com\/fr\/antirouille\/","og_site_name":"Radiateur La Plaine","article_modified_time":"2018-03-23T20:04:13+00:00","twitter_card":"summary_large_image","schema":{"@context":"https:\/\/schema.org","@graph":[{"@type":"WebPage","@id":"https:\/\/www.radiateurlaplaine.com\/fr\/antirouille\/","url":"https:\/\/www.radiateurlaplaine.com\/fr\/antirouille\/","name":"Traitement antirouille - Radiateur La Plaine","isPartOf":{"@id":"https:\/\/www.radiateurlaplaine.com\/fr\/#website"},"datePublished":"2018-03-12T19:17:13+00:00","dateModified":"2018-03-23T20:04:13+00:00","description":"Depuis 40 ans, Radiateur La Plaine prot\u00e8ge votre v\u00e9hicule des intemp\u00e9ries gr\u00e2ce \u00e0 un traitement antirouille de haute qualit\u00e9. Prenez rendez-vous!","breadcrumb":{"@id":"https:\/\/www.radiateurlaplaine.com\/fr\/antirouille\/#breadcrumb"},"inLanguage":"fr-FR","potentialAction":[{"@type":"ReadAction","target":["https:\/\/www.radiateurlaplaine.com\/fr\/antirouille\/"]}]},{"@type":"BreadcrumbList","@id":"https:\/\/www.radiateurlaplaine.com\/fr\/antirouille\/#breadcrumb","itemListElement":[{"@type":"ListItem","position":1,"name":"Accueil","item":"https:\/\/www.radiateurlaplaine.com\/fr\/"},{"@type":"ListItem","position":2,"name":"Traitement antirouille"}]},{"@type":"WebSite","@id":"https:\/\/www.radiateurlaplaine.com\/fr\/#website","url":"https:\/\/www.radiateurlaplaine.com\/fr\/","name":"Radiateur La Plaine","description":"","potentialAction":[{"@type":"SearchAction","target":{"@type":"EntryPoint","urlTemplate":"https:\/\/www.radiateurlaplaine.com\/fr\/?s={search_term_string}"},"query-input":"required name=search_term_string"}],"inLanguage":"fr-FR"}]}},"_links":{"self":[{"href":"https:\/\/www.radiateurlaplaine.com\/fr\/wp-json\/wp\/v2\/pages\/5081"}],"collection":[{"href":"https:\/\/www.radiateurlaplaine.com\/fr\/wp-json\/wp\/v2\/pages"}],"about":[{"href":"https:\/\/www.radiateurlaplaine.com\/fr\/wp-json\/wp\/v2\/types\/page"}],"author":[{"embeddable":true,"href":"https:\/\/www.radiateurlaplaine.com\/fr\/wp-json\/wp\/v2\/users\/1"}],"replies":[{"embeddable":true,"href":"https:\/\/www.radiateurlaplaine.com\/fr\/wp-json\/wp\/v2\/comments?post=5081"}],"version-history":[{"count":1,"href":"https:\/\/www.radiateurlaplaine.com\/fr\/wp-json\/wp\/v2\/pages\/5081\/revisions"}],"predecessor-version":[{"id":5114,"href":"https:\/\/www.radiateurlaplaine.com\/fr\/wp-json\/wp\/v2\/pages\/5081\/revisions\/5114"}],"wp:attachment":[{"href":"https:\/\/www.radiateurlaplaine.com\/fr\/wp-json\/wp\/v2\/media?parent=5081"}],"curies":[{"name":"wp","href":"https:\/\/api.w.org\/{rel}","templated":true}]}}