{"id":6,"date":"2015-10-15T15:47:04","date_gmt":"2015-10-15T14:47:04","guid":{"rendered":"http:\/\/wp-base.eliappdrupal1.elisys-servers.ca\/fr\/?page_id=6"},"modified":"2018-03-27T10:31:38","modified_gmt":"2018-03-27T14:31:38","slug":"radiateur-la-plaine-systemes-de-remorquage-et-entretien-de-vehicules","status":"publish","type":"page","link":"https:\/\/www.radiateurlaplaine.com\/fr\/","title":{"rendered":"Radiateur La Plaine, syst\u00e8mes de remorquage et entretien de v\u00e9hicules"},"content":{"rendered":"<p>Radiateur La Plaine, c&rsquo;est 40 ans d&rsquo;expertise, de rigueur et de cr\u00e9ativit\u00e9 au service de la fabrication de syst\u00e8mes de remorquage et de l&rsquo;entretien de vos v\u00e9hicules r\u00e9cr\u00e9atifs.<\/p>\n<p>Nos \u00e9quipes sont expertes dans les syst\u00e8mes de refroidissement et de chauffage, les traitements antirouille et l&rsquo;installation de silencieux et syst\u00e8mes d&rsquo;\u00e9chappement.<\/p>\n<p>Sp\u00e9cialistes de la soudure g\u00e9n\u00e9rale et de la fabrication de produits en acier, aluminium, acier inoxydable, TIG et MIG, nous sommes \u00e0 votre disposition pour donner vie \u00e0 vos projets.<\/p>\n<p>La satisfaction de la client\u00e8le est primordiale chez Radiateur La Plaine. C&rsquo;est pourquoi nous offrons un service sur-mesure de qualit\u00e9 sup\u00e9rieure gr\u00e2ce un travail en \u00e9quipe et des \u00e9quipements \u00e0 la pointe de la technologie.<\/p>\n<p>Une question? <a href=\"https:\/\/www.radiateurlaplaine.com\/fr\/contact\/\">Contactez-nous<\/a> ou venez nous rendre visite \u00e0 Terrebonne.<\/p>\n","protected":false},"excerpt":{"rendered":"<p>Radiateur La Plaine, c&rsquo;est 40 ans d&rsquo;expertise, de rigueur et de cr\u00e9ativit\u00e9 au service de la fabrication de syst\u00e8mes de remorquage et de l&rsquo;entretien de vos v\u00e9hicules r\u00e9cr\u00e9atifs. Nos \u00e9quipes sont expertes dans les syst\u00e8mes de refroidissement et de chauffage, les traitements antirouille et l&rsquo;installation de silencieux et syst\u00e8mes d&rsquo;\u00e9chappement. Sp\u00e9cialistes de la soudure g\u00e9n\u00e9rale &hellip; <a href=\"https:\/\/www.radiateurlaplaine.com\/fr\/\">Continued<\/a><\/p>\n","protected":false},"author":1,"featured_media":0,"parent":0,"menu_order":0,"comment_status":"closed","ping_status":"closed","template":"","meta":{"_acf_changed":false,"footnotes":""},"acf":[],"yoast_head":"<!-- This site is optimized with the Yoast SEO plugin v22.9 - https:\/\/yoast.com\/wordpress\/plugins\/seo\/ -->\n<title>Radiateur La Plaine - Syst\u00e8mes de remorquage et entretien de v\u00e9hicules<\/title>\n<meta name=\"description\" content=\"Syst\u00e8mes de remorquage, de climatisation, d&#039;\u00e9chappement, traitement antirouille\u00a0: Radiateur La Plaine, \u00e0 Terrebonne, assure l&#039;entretien de tout v\u00e9hicule.\" \/>\n<meta name=\"robots\" content=\"index, follow, max-snippet:-1, max-image-preview:large, max-video-preview:-1\" \/>\n<meta property=\"og:locale\" content=\"fr_CA\" \/>\n<meta property=\"og:type\" content=\"article\" \/>\n<meta property=\"og:title\" content=\"Radiateur La Plaine - Syst\u00e8mes de remorquage et entretien de v\u00e9hicules\" \/>\n<meta property=\"og:description\" content=\"Syst\u00e8mes de remorquage, de climatisation, d&#039;\u00e9chappement, traitement antirouille\u00a0: Radiateur La Plaine, \u00e0 Terrebonne, assure l&#039;entretien de tout v\u00e9hicule.\" \/>\n<meta property=\"og:url\" content=\"https:\/\/www.radiateurlaplaine.com\/fr\/\" \/>\n<meta property=\"og:site_name\" content=\"Radiateur La Plaine\" \/>\n<meta property=\"article:modified_time\" content=\"2018-03-27T14:31:38+00:00\" \/>\n<meta name=\"twitter:card\" content=\"summary_large_image\" \/>\n<meta name=\"twitter:label1\" content=\"Dur\u00e9e de lecture estim\u00e9e\" \/>\n\t<meta name=\"twitter:data1\" content=\"1 minute\" \/>\n<script type=\"application\/ld+json\" class=\"yoast-schema-graph\">{\"@context\":\"https:\/\/schema.org\",\"@graph\":[{\"@type\":\"WebPage\",\"@id\":\"https:\/\/www.radiateurlaplaine.com\/fr\/\",\"url\":\"https:\/\/www.radiateurlaplaine.com\/fr\/\",\"name\":\"Radiateur La Plaine - Syst\u00e8mes de remorquage et entretien de v\u00e9hicules\",\"isPartOf\":{\"@id\":\"https:\/\/www.radiateurlaplaine.com\/fr\/#website\"},\"datePublished\":\"2015-10-15T14:47:04+00:00\",\"dateModified\":\"2018-03-27T14:31:38+00:00\",\"description\":\"Syst\u00e8mes de remorquage, de climatisation, d'\u00e9chappement, traitement antirouille\u00a0: Radiateur La Plaine, \u00e0 Terrebonne, assure l'entretien de tout v\u00e9hicule.\",\"breadcrumb\":{\"@id\":\"https:\/\/www.radiateurlaplaine.com\/fr\/#breadcrumb\"},\"inLanguage\":\"fr-FR\",\"potentialAction\":[{\"@type\":\"ReadAction\",\"target\":[\"https:\/\/www.radiateurlaplaine.com\/fr\/\"]}]},{\"@type\":\"BreadcrumbList\",\"@id\":\"https:\/\/www.radiateurlaplaine.com\/fr\/#breadcrumb\",\"itemListElement\":[{\"@type\":\"ListItem\",\"position\":1,\"name\":\"Accueil\",\"item\":\"https:\/\/www.radiateurlaplaine.com\/fr\/\"},{\"@type\":\"ListItem\",\"position\":2,\"name\":\"Radiateur La Plaine, syst\u00e8mes de remorquage et entretien de v\u00e9hicules\"}]},{\"@type\":\"WebSite\",\"@id\":\"https:\/\/www.radiateurlaplaine.com\/fr\/#website\",\"url\":\"https:\/\/www.radiateurlaplaine.com\/fr\/\",\"name\":\"Radiateur La Plaine\",\"description\":\"\",\"potentialAction\":[{\"@type\":\"SearchAction\",\"target\":{\"@type\":\"EntryPoint\",\"urlTemplate\":\"https:\/\/www.radiateurlaplaine.com\/fr\/?s={search_term_string}\"},\"query-input\":\"required name=search_term_string\"}],\"inLanguage\":\"fr-FR\"}]}<\/script>\n<!-- \/ Yoast SEO plugin. -->","yoast_head_json":{"title":"Radiateur La Plaine - Syst\u00e8mes de remorquage et entretien de v\u00e9hicules","description":"Syst\u00e8mes de remorquage, de climatisation, d'\u00e9chappement, traitement antirouille\u00a0: Radiateur La Plaine, \u00e0 Terrebonne, assure l'entretien de tout v\u00e9hicule.","robots":{"index":"index","follow":"follow","max-snippet":"max-snippet:-1","max-image-preview":"max-image-preview:large","max-video-preview":"max-video-preview:-1"},"og_locale":"fr_CA","og_type":"article","og_title":"Radiateur La Plaine - Syst\u00e8mes de remorquage et entretien de v\u00e9hicules","og_description":"Syst\u00e8mes de remorquage, de climatisation, d'\u00e9chappement, traitement antirouille\u00a0: Radiateur La Plaine, \u00e0 Terrebonne, assure l'entretien de tout v\u00e9hicule.","og_url":"https:\/\/www.radiateurlaplaine.com\/fr\/","og_site_name":"Radiateur La Plaine","article_modified_time":"2018-03-27T14:31:38+00:00","twitter_card":"summary_large_image","twitter_misc":{"Dur\u00e9e de lecture estim\u00e9e":"1 minute"},"schema":{"@context":"https:\/\/schema.org","@graph":[{"@type":"WebPage","@id":"https:\/\/www.radiateurlaplaine.com\/fr\/","url":"https:\/\/www.radiateurlaplaine.com\/fr\/","name":"Radiateur La Plaine - Syst\u00e8mes de remorquage et entretien de v\u00e9hicules","isPartOf":{"@id":"https:\/\/www.radiateurlaplaine.com\/fr\/#website"},"datePublished":"2015-10-15T14:47:04+00:00","dateModified":"2018-03-27T14:31:38+00:00","description":"Syst\u00e8mes de remorquage, de climatisation, d'\u00e9chappement, traitement antirouille\u00a0: Radiateur La Plaine, \u00e0 Terrebonne, assure l'entretien de tout v\u00e9hicule.","breadcrumb":{"@id":"https:\/\/www.radiateurlaplaine.com\/fr\/#breadcrumb"},"inLanguage":"fr-FR","potentialAction":[{"@type":"ReadAction","target":["https:\/\/www.radiateurlaplaine.com\/fr\/"]}]},{"@type":"BreadcrumbList","@id":"https:\/\/www.radiateurlaplaine.com\/fr\/#breadcrumb","itemListElement":[{"@type":"ListItem","position":1,"name":"Accueil","item":"https:\/\/www.radiateurlaplaine.com\/fr\/"},{"@type":"ListItem","position":2,"name":"Radiateur La Plaine, syst\u00e8mes de remorquage et entretien de v\u00e9hicules"}]},{"@type":"WebSite","@id":"https:\/\/www.radiateurlaplaine.com\/fr\/#website","url":"https:\/\/www.radiateurlaplaine.com\/fr\/","name":"Radiateur La Plaine","description":"","potentialAction":[{"@type":"SearchAction","target":{"@type":"EntryPoint","urlTemplate":"https:\/\/www.radiateurlaplaine.com\/fr\/?s={search_term_string}"},"query-input":"required name=search_term_string"}],"inLanguage":"fr-FR"}]}},"_links":{"self":[{"href":"https:\/\/www.radiateurlaplaine.com\/fr\/wp-json\/wp\/v2\/pages\/6"}],"collection":[{"href":"https:\/\/www.radiateurlaplaine.com\/fr\/wp-json\/wp\/v2\/pages"}],"about":[{"href":"https:\/\/www.radiateurlaplaine.com\/fr\/wp-json\/wp\/v2\/types\/page"}],"author":[{"embeddable":true,"href":"https:\/\/www.radiateurlaplaine.com\/fr\/wp-json\/wp\/v2\/users\/1"}],"replies":[{"embeddable":true,"href":"https:\/\/www.radiateurlaplaine.com\/fr\/wp-json\/wp\/v2\/comments?post=6"}],"version-history":[{"count":1,"href":"https:\/\/www.radiateurlaplaine.com\/fr\/wp-json\/wp\/v2\/pages\/6\/revisions"}],"predecessor-version":[{"id":528,"href":"https:\/\/www.radiateurlaplaine.com\/fr\/wp-json\/wp\/v2\/pages\/6\/revisions\/528"}],"wp:attachment":[{"href":"https:\/\/www.radiateurlaplaine.com\/fr\/wp-json\/wp\/v2\/media?parent=6"}],"curies":[{"name":"wp","href":"https:\/\/api.w.org\/{rel}","templated":true}]}}